{"id":6,"date":"2023-08-23T14:17:59","date_gmt":"2023-08-23T14:17:59","guid":{"rendered":"https:\/\/buechereifurore.blackblogs.org\/?page_id=4"},"modified":"2023-08-23T14:17:59","modified_gmt":"2023-08-23T14:17:59","slug":"furore","status":"publish","type":"page","link":"https:\/\/buechereifurore.noblogs.org\/?page_id=6","title":{"rendered":"FURORE"},"content":{"rendered":"\n<p class=\"has-medium-font-size\"><strong>&#8230;<\/strong>ist eine anarchistische B\u00fccherei in K\u00f6ln. Mit diesem Projekt versuchen wir uns mit Menschen zu verbinden, die den herrschenden Zust\u00e4nden nichts abzugewinnen haben. <\/p>\n\n\n\n<p class=\"has-medium-font-size\">Ihr findet hier anarchistische Zeitschriften, Zeitungen, B\u00fccher, Zines, Kaffee und Kuchen. Und immer wieder werden Buchvorstellungen, Diskussionen, Filmabende und anderes organisiert. <\/p>\n\n\n\n<p class=\"has-medium-font-size\">Ihr findet uns in der Buchheimer Stra\u00dfe 20b, 51063 K\u00f6ln-M\u00fclheim nur wenige Meter vom Wiener Platz entfernt. Die regelm\u00e4\u00dfigen \u00d6ffnungszeiten momentan sind: <\/p>\n\n\n\n<p class=\"has-text-align-center has-medium-font-size\"><strong>Dienstags von 17 &#8211; 20 Uhr<br>Sonntags von 14 &#8211; 17 Uhr<\/strong><\/p>\n\n\n\n<p class=\"has-text-align-left has-medium-font-size\"><br>Jeden ersten Sonntag im Monat laden wir euch besonders dazu ein, mitzubringen, was ihr gerade so lest. Dann k\u00f6nnen wir uns gemeinsam dar\u00fcber in der B\u00fccherei austauschen und diskutieren.<\/p>\n\n\n\n<p class=\"has-medium-font-size\">Von anderen Veranstaltungen erfahrt ihr \u00fcber gut informierte Freund*innen, Handzettel oder Plakate &#8211; oder hier \ud83d\ude42<\/p>\n\n\n\n<hr class=\"wp-block-separator\" \/>\n\n\n\n<p><\/p>\n","protected":false},"excerpt":{"rendered":"<p>&#8230;ist eine anarchistische B\u00fccherei in K\u00f6ln. Mit diesem Projekt versuchen wir uns mit Menschen zu verbinden, die den herrschenden Zust\u00e4nden nichts abzugewinnen haben. Ihr findet hier anarchistische Zeitschriften, Zeitungen, B\u00fccher, Zines, Kaffee und Kuchen. Und immer wieder werden Buchvorstellungen, Diskussionen, Filmabende und anderes organisiert. Ihr findet uns in der Buchheimer Stra\u00dfe 20b, 51063 K\u00f6ln-M\u00fclheim nur [&hellip;]<\/p>\n","protected":false},"author":20977,"featured_media":0,"parent":0,"menu_order":0,"comment_status":"closed","ping_status":"closed","template":"","meta":{"footnotes":""},"class_list":["post-6","page","type-page","status-publish","hentry"],"_links":{"self":[{"href":"https:\/\/buechereifurore.noblogs.org\/index.php?rest_route=\/wp\/v2\/pages\/6","targetHints":{"allow":["GET"]}}],"collection":[{"href":"https:\/\/buechereifurore.noblogs.org\/index.php?rest_route=\/wp\/v2\/pages"}],"about":[{"href":"https:\/\/buechereifurore.noblogs.org\/index.php?rest_route=\/wp\/v2\/types\/page"}],"author":[{"embeddable":true,"href":"https:\/\/buechereifurore.noblogs.org\/index.php?rest_route=\/wp\/v2\/users\/20977"}],"replies":[{"embeddable":true,"href":"https:\/\/buechereifurore.noblogs.org\/index.php?rest_route=%2Fwp%2Fv2%2Fcomments&post=6"}],"version-history":[{"count":0,"href":"https:\/\/buechereifurore.noblogs.org\/index.php?rest_route=\/wp\/v2\/pages\/6\/revisions"}],"wp:attachment":[{"href":"https:\/\/buechereifurore.noblogs.org\/index.php?rest_route=%2Fwp%2Fv2%2Fmedia&parent=6"}],"curies":[{"name":"wp","href":"https:\/\/api.w.org\/{rel}","templated":true}]}}